{"id":49323,"date":"2022-08-26T12:33:35","date_gmt":"2022-08-26T12:33:35","guid":{"rendered":"https:\/\/easylivingcb.com\/our-team\/"},"modified":"2026-03-17T13:06:08","modified_gmt":"2026-03-17T13:06:08","slug":"teamet","status":"publish","type":"page","link":"https:\/\/easylivingcb.com\/no\/teamet\/","title":{"rendered":"Teamet v\u00e5rt og samarbeidspartnere"},"content":{"rendered":"<p>[vc_row][vc_column]<div style=\"clear:both; width:100%; height:50px\"><\/div>[\/vc_column][\/vc_row][vc_row full_width=&#8221;stretch_row_content&#8221; gap=&#8221;35&#8243;][vc_column width=&#8221;1\/4&#8243;][\/vc_column][vc_column width=&#8221;1\/4&#8243;][vc_single_image image=&#8221;37642&#8243; img_size=&#8221;400&#215;400&#8243; alignment=&#8221;center&#8221; title=&#8221;Maria Mentzoni Eng&#8221;][vc_column_text]<\/p>\n<p style=\"text-align: left;\"><strong><em>Administrerende Direkt\u00f8r &amp; Grunnlegger<br \/>\nEasy Living Costa Blanca<\/em><\/strong><\/p>\n<p><i class=\"fa fa-phone\"><\/i> +47 921 286 76<br \/>\n<i class=\"fa fa-envelope\"><\/i> <a href=\"mailto:info@easylivingcb.com\"> info@easylivingcb.com<\/a><\/p>\n<p><span data-preserver-spaces=\"true\">Maria har studert eiendomsmegling ved Handelsh\u00f8yskolen BI og har jobbet i bransjen i mer enn 25 \u00e5r i Oslo. Erfaring bl.a. fra Rosenkrantz Eiendomsmegling, Privatmegleren og Postbanken Eiendomsmegling.<\/span><\/p>\n<p><span data-preserver-spaces=\"true\">M\u00e5let hennes er at kundene skal f\u00f8le seg ivaretatt p\u00e5 best mulig m\u00e5te.<\/span><\/p>\n<p><em>Det \u00e5 forst\u00e5 kundenes behov og dele deres visjoner har gjort Maria til en betrodd agent blant mange kj\u00f8pere. <\/em>[\/vc_column_text][\/vc_column][vc_column width=&#8221;1\/4&#8243;][vc_single_image image=&#8221;37640&#8243; img_size=&#8221;400&#215;400&#8243; alignment=&#8221;center&#8221; title=&#8221;Hugo Gutierrez Col\u00e1s&#8221;][vc_column_text]<\/p>\n<p style=\"text-align: left;\"><strong><em>Spansk advokat<br \/>\nCol\u00e1s Abogados<\/em><\/strong><\/p>\n<p><i class=\"fa fa-phone\"><\/i> +34 966 868 492<br \/>\n<i class=\"fa fa-phone\"><\/i> +34 629 549 430<br \/>\n<i class=\"fa fa-envelope\"><\/i><a href=\"mailto:hugo@colas-abogados.com\"> hugo@colas-abogados.com<\/a><br \/>\n<a href=\"https:\/\/colas-abogados.com\/sv\/\" target=\"_blanc\" rel=\"noopener\">https:\/\/www.colasjurist.se\/<\/a><\/p>\n<p>Hugo Guti\u00e9rrez Col\u00e1s er en spansk advokat med 11 \u00e5rs erfaring med \u00e5 h\u00e5ndtere juridiske sp\u00f8rsm\u00e5l knyttet til internasjonale klienter.<\/p>\n<p>Han snakker flytende engelsk, svensk og spansk, og hans service er basert p\u00e5 personlig oppmerksomhet og en forpliktelse til kundetilfredshet.[\/vc_column_text][\/vc_column][vc_column width=&#8221;1\/4&#8243;][\/vc_column][\/vc_row][vc_row full_width=&#8221;stretch_row_content&#8221; gap=&#8221;35&#8243;][vc_column width=&#8221;1\/4&#8243;][\/vc_column][vc_column width=&#8221;1\/4&#8243;][vc_single_image image=&#8221;37451&#8243; img_size=&#8221;400&#215;400&#8243; alignment=&#8221;center&#8221; title=&#8221;Trond Michelsen&#8221;][vc_column_text]<\/p>\n<p style=\"text-align: left;\"><strong><em>Administrerende Direkt\u00f8r &amp; Grunnlegger<br \/>\nBank in Spain<\/em><\/strong><\/p>\n<p><i class=\"fa fa-phone\"><\/i> +34 961 043 838<br \/>\n<i class=\"fa fa-phone\"><\/i> +44 120 4238 441<br \/>\n<i class=\"fa fa-envelope\"><\/i><a href=\"mailto:mail@bankinspain.com\"> mail@bankinspain.com<\/a><br \/>\n<i class=\"fa fa-globe\"><\/i><a href=\"https:\/\/www.bankinspain.com\/about\" target=\"_blanc\" rel=\"noopener\"> www.bankinspain.com<\/a><\/p>\n<p>Bank in Spain er grunnlagt og drevet av utenlandske bankfolk med lang erfaring fra spanske banker, som tilbyr banktjenester til internasjonale kunder.[\/vc_column_text][vc_single_image image=&#8221;37501&#8243; img_size=&#8221;90&#215;90&#8243; onclick=&#8221;custom_link&#8221; img_link_target=&#8221;_blank&#8221; link=&#8221;https:\/\/www.bankinspain.com\/about&#8221;][\/vc_column][vc_column width=&#8221;1\/4&#8243;][vc_single_image image=&#8221;37631&#8243; img_size=&#8221;400&#215;400&#8243; alignment=&#8221;center&#8221; title=&#8221;Currencies Direct Albir&#8221;][vc_column_text]<i class=\"fa fa-phone\"><\/i> +34 629 549 430<\/p>\n<p>Pengeoverf\u00f8ringsselskap med konkurransedyktige valutakurser. Bes\u00f8k deres <a href=\"https:\/\/www.currenciesdirect.com\/ppc\/v1\/es-exchange-rates-albir.php\" target=\"_blank\" rel=\"noopener\">website<\/a> or meet S\u00f8lvi, Siw and Marita in the Albir office.[\/vc_column_text][vc_single_image image=&#8221;37503&#8243; img_size=&#8221;300&#215;90&#8243; onclick=&#8221;custom_link&#8221; img_link_target=&#8221;_blank&#8221; link=&#8221;https:\/\/www.currenciesdirect.com\/ppc\/v1\/es-exchange-rates-albir.php&#8221;][\/vc_column][vc_column width=&#8221;1\/4&#8243;][\/vc_column][\/vc_row]<\/p>\n","protected":false},"excerpt":{"rendered":"<p>[vc_row][vc_column][\/vc_column][\/vc_row][vc_row full_width=&#8221;stretch_row_content&#8221; gap=&#8221;35&#8243;][vc_column width=&#8221;1\/4&#8243;][\/vc_column][vc_column width=&#8221;1\/4&#8243;][vc_single_image image=&#8221;37642&#8243; img_size=&#8221;400&#215;400&#8243; alignment=&#8221;center&#8221; title=&#8221;Maria Mentzoni Eng&#8221;][vc_column_text] Administrerende Direkt\u00f8r &amp; Grunnlegger Easy Living Costa Blanca +47 921 286 76 info@easylivingcb.com Maria har studert eiendomsmegling ved Handelsh\u00f8yskolen BI og har jobbet i bransjen i mer enn 25 \u00e5r i Oslo. Erfaring bl.a. fra Rosenkrantz Eiendomsmegling, Privatmegleren og Postbanken Eiendomsmegling. M\u00e5let hennes er [&hellip;]<\/p>\n","protected":false},"author":1,"featured_media":0,"parent":0,"menu_order":0,"comment_status":"closed","ping_status":"closed","template":"template\/template-onepage.php","meta":[],"_links":{"self":[{"href":"https:\/\/easylivingcb.com\/no\/wp-json\/wp\/v2\/pages\/49323"}],"collection":[{"href":"https:\/\/easylivingcb.com\/no\/wp-json\/wp\/v2\/pages"}],"about":[{"href":"https:\/\/easylivingcb.com\/no\/wp-json\/wp\/v2\/types\/page"}],"author":[{"embeddable":true,"href":"https:\/\/easylivingcb.com\/no\/wp-json\/wp\/v2\/users\/1"}],"replies":[{"embeddable":true,"href":"https:\/\/easylivingcb.com\/no\/wp-json\/wp\/v2\/comments?post=49323"}],"version-history":[{"count":7,"href":"https:\/\/easylivingcb.com\/no\/wp-json\/wp\/v2\/pages\/49323\/revisions"}],"predecessor-version":[{"id":58167,"href":"https:\/\/easylivingcb.com\/no\/wp-json\/wp\/v2\/pages\/49323\/revisions\/58167"}],"wp:attachment":[{"href":"https:\/\/easylivingcb.com\/no\/wp-json\/wp\/v2\/media?parent=49323"}],"curies":[{"name":"wp","href":"https:\/\/api.w.org\/{rel}","templated":true}]}}